{"id":631,"date":"2025-03-13T14:03:19","date_gmt":"2025-03-13T13:03:19","guid":{"rendered":"https:\/\/songesdebene.fr\/?post_type=product&#038;p=631"},"modified":"2026-02-04T16:22:43","modified_gmt":"2026-02-04T15:22:43","slug":"boucles-doreilles-en-marqueterie-de-bois-motif-japonais-seigaiha-noir-et-rouge","status":"publish","type":"product","link":"https:\/\/songesdebene.fr\/index.php\/produit\/boucles-doreilles-en-marqueterie-de-bois-motif-japonais-seigaiha-noir-et-rouge\/","title":{"rendered":"Boucles d&rsquo;oreilles en marqueterie de bois, motif japonais \u00ab\u00a0seigaiha\u00a0\u00bb noir et rouge."},"content":{"rendered":"<p><strong>Boucles d&rsquo;oreilles en marqueterie de bois<\/strong>, selon le motif japonais \u00ab\u00a0seigaiha\u00a0\u00bb, \u00e9voquant les ondulations de l&rsquo;eau. Un c\u00f4t\u00e9 de chaque boucle est \u00e0 dominante noire, l&rsquo;autre \u00e0 dominante rouge, \u00e0 porter selon les envies.<br \/>\nLa marqueterie est compos\u00e9e uniquement de placages de bois superpos\u00e9s, ici de l&rsquo;\u00e9rable teint\u00e9 en noir ou en rouge, et vernie \u00e0 la gomme-laque d&rsquo;\u00e9b\u00e9niste, un produit naturel. La monture est argent\u00e9e.<br \/>\n<strong>Le poids de chaque boucle est de seulement 0,7 g<\/strong>, ce qui en font les boucles parmi les plus l\u00e9g\u00e8res existantes !<br \/>\nLe tout est r\u00e9alis\u00e9 artisanalement selon ce proc\u00e9d\u00e9 : une fois le motif num\u00e9ris\u00e9 et ajust\u00e9, une premi\u00e8re d\u00e9coupe est effectu\u00e9e au laser. Chaque petit bout de placage, tr\u00e8s fragile, est ensuite assembl\u00e9 \u00e0 la main pour former les motifs, qui sont coll\u00e9s sur plusieurs \u00e9paisseurs. Puis la boucle est d\u00e9coup\u00e9e \u00e0 sa forme d\u00e9finitive \u00e0 la scie \u00e0 marqueter, et pr\u00e9par\u00e9e pour la finition. Enfin, 8 couches ultra-fines de <strong>vernis gomme-laque sont d\u00e9pos\u00e9es au tampon<\/strong> sur les marqueteries avant l&rsquo;assemblage final de la boucle d&rsquo;oreille. Cela permet d&rsquo;obtenir une douceur au contact est une brillance agr\u00e9able SANS masquer totalement le bois au toucher.<br \/>\nD&rsquo;autres motifs \/ couleurs peuvent \u00eatre r\u00e9alis\u00e9s sur demande, n&rsquo;h\u00e9sitez pas \u00e0 me contacter !<\/p>\n<p><a href=\"https:\/\/www.instagram.com\/p\/DFDi2tIs-F7\/?utm_source=ig_web_copy_link&amp;igsh=MzRlODBiNWFlZA==\">Vid\u00e9o et images sur Instagram.<\/a><\/p>\n","protected":false},"excerpt":{"rendered":"<p>Boucles d&rsquo;oreilles en marqueterie de bois, selon le motif japonais \u00ab\u00a0seigaiha\u00a0\u00bb.<\/p>\n<p><a href=\"https:\/\/www.instagram.com\/p\/DFDi2tIs-F7\/?utm_source=ig_web_copy_link&amp;igsh=MzRlODBiNWFlZA==\">Vid\u00e9o et images sur Instagram.<\/a><\/p>\n","protected":false},"featured_media":634,"comment_status":"open","ping_status":"closed","template":"","meta":[],"product_brand":[],"product_cat":[29],"product_tag":[],"class_list":{"0":"post-631","1":"product","2":"type-product","3":"status-publish","4":"has-post-thumbnail","6":"product_cat-bijoux","7":"product_shipping_class-petit_objet","9":"first","10":"instock","11":"shipping-taxable","12":"purchasable","13":"product-type-simple"},"_links":{"self":[{"href":"https:\/\/songesdebene.fr\/index.php\/wp-json\/wp\/v2\/product\/631","targetHints":{"allow":["GET"]}}],"collection":[{"href":"https:\/\/songesdebene.fr\/index.php\/wp-json\/wp\/v2\/product"}],"about":[{"href":"https:\/\/songesdebene.fr\/index.php\/wp-json\/wp\/v2\/types\/product"}],"replies":[{"embeddable":true,"href":"https:\/\/songesdebene.fr\/index.php\/wp-json\/wp\/v2\/comments?post=631"}],"wp:featuredmedia":[{"embeddable":true,"href":"https:\/\/songesdebene.fr\/index.php\/wp-json\/wp\/v2\/media\/634"}],"wp:attachment":[{"href":"https:\/\/songesdebene.fr\/index.php\/wp-json\/wp\/v2\/media?parent=631"}],"wp:term":[{"taxonomy":"product_brand","embeddable":true,"href":"https:\/\/songesdebene.fr\/index.php\/wp-json\/wp\/v2\/product_brand?post=631"},{"taxonomy":"product_cat","embeddable":true,"href":"https:\/\/songesdebene.fr\/index.php\/wp-json\/wp\/v2\/product_cat?post=631"},{"taxonomy":"product_tag","embeddable":true,"href":"https:\/\/songesdebene.fr\/index.php\/wp-json\/wp\/v2\/product_tag?post=631"}],"curies":[{"name":"wp","href":"https:\/\/api.w.org\/{rel}","templated":true}]}}