{"id":1729,"date":"2026-02-22T11:57:27","date_gmt":"2026-02-22T10:57:27","guid":{"rendered":"https:\/\/songesdebene.fr\/?post_type=product&#038;p=1729"},"modified":"2026-02-22T11:58:25","modified_gmt":"2026-02-22T10:58:25","slug":"cabinet-japonais-sur-pietement","status":"publish","type":"product","link":"https:\/\/songesdebene.fr\/index.php\/produit\/cabinet-japonais-sur-pietement\/","title":{"rendered":"Cabinet japonais sur pi\u00e8tement"},"content":{"rendered":"<p>Ce <strong>cabinet d&rsquo;esprit japonisant<\/strong>, en ch\u00eane, ch\u00e2taignier et tilleul massif, est une <strong>pi\u00e8ce unique<\/strong> pour apporter \u00e0 votre int\u00e9rieur une touche d&rsquo;\u00e9l\u00e9gance.<\/p>\n<p>Il est compos\u00e9 d&rsquo;un pi\u00e8tement en ch\u00e2taignier, d&rsquo;un caisson en ch\u00eane et de <strong>six tiroirs marquet\u00e9s<\/strong> selon un motif \u00ab\u00a0<strong>nishiko\u00ef<\/strong>\u00ab\u00a0, symbole fort de l&rsquo;imaginaire japonais.<br \/>\nLes tiroirs sont agenc\u00e9s autour d&rsquo;une <strong>niche centrale<\/strong> dont le fond, d\u00e9coup\u00e9 selon l&rsquo;id\u00e9ogramme japonais \u00ab\u00a0arbre\u00a0\u00bb ou \u00ab\u00a0bois\u00a0\u00bb, laisse passer la lumi\u00e8re pour mettre en valeur un objet ornemental de votre choix.<br \/>\nLes portes ajour\u00e9es sont r\u00e9alis\u00e9es avec la technique du <strong>kumiko<\/strong>, assemblage de baguettes de bois sans colle d&rsquo;une grande pr\u00e9cision, selon un motif ici original.<\/p>\n<p>Les bois utilis\u00e9s sont <strong>fran\u00e7ais<\/strong> (\u00e0 l&rsquo;exception de certains placages de la marqueterie) et travaill\u00e9s avec soin dans les r\u00e8gles de l&rsquo;Art. Les assemblages du pi\u00e8tement et du caisson, ainsi que des tiroirs, sont <strong>traditionnels<\/strong> (tenons-mortaises, queues d&rsquo;aronde&#8230;). La colle utilis\u00e9e est une colle chaude d&rsquo;\u00e9b\u00e9niste naturelle.<\/p>\n<p>La<strong> finition naturelle<\/strong> \u00e0 l&rsquo;huile-cire ne n\u00e9cessite aucun entretien particulier.<\/p>\n<p>Fabriqu\u00e9 int\u00e9gralement et de mani\u00e8re artisanale dans mon atelier de Saint-Laurent-sur-Gorre (87).<\/p>\n<p>Livraison offerte (France m\u00e9tropolitaine), ou retrait \u00e0 l&rsquo;atelier (l&rsquo;occasion de visiter mon atelier d&rsquo;\u00e9b\u00e9nisterie, et de boire un verre ensemble !). ACHAT POSSIBLE EN DIRECT, ME CONTACTER !<\/p>\n<p><a href=\"https:\/\/www.instagram.com\/reel\/DPhAb9RDVfy\/?utm_source=ig_web_copy_link&amp;igsh=MzRlODBiNWFlZA==\">Lien vers la vid\u00e9o Instragram.<\/a><\/p>\n<p><a href=\"https:\/\/www.facebook.com\/reel\/1141023360818765\">Lien vers la vid\u00e9o Facebook.<\/a><\/p>\n","protected":false},"excerpt":{"rendered":"<p>Ce <strong>cabinet d&rsquo;esprit japonisant<\/strong>, en ch\u00eane, ch\u00e2taignier et tilleul massif, est une <strong>pi\u00e8ce unique<\/strong> pour apporter \u00e0 votre int\u00e9rieur une touche d&rsquo;\u00e9l\u00e9gance.<\/p>\n<p>Il est compos\u00e9 d&rsquo;un pi\u00e8tement en ch\u00e2taignier, d&rsquo;un caisson en ch\u00eane et de <strong>six tiroirs marquet\u00e9s<\/strong> selon un motif \u00ab\u00a0<strong>nishiko\u00ef<\/strong>\u00ab\u00a0, symbole fort de l&rsquo;imaginaire japonais.<br \/>\nLes tiroirs sont agenc\u00e9s autour d&rsquo;une <strong>niche centrale<\/strong> dont le fond, d\u00e9coup\u00e9 selon l&rsquo;id\u00e9ogramme japonais \u00ab\u00a0arbre\u00a0\u00bb ou \u00ab\u00a0bois\u00a0\u00bb, laisse passer la lumi\u00e8re pour mettre en valeur un objet ornemental de votre choix.<br \/>\nLes portes ajour\u00e9es sont r\u00e9alis\u00e9es avec la technique du <strong>kumiko<\/strong>, assemblage de baguettes de bois sans colle d&rsquo;une grande pr\u00e9cision, selon un motif ici original.<\/p>\n<p>Les bois utilis\u00e9s sont <strong>fran\u00e7ais<\/strong> (\u00e0 l&rsquo;exception de certains placages de la marqueterie) et travaill\u00e9s avec soin dans les r\u00e8gles de l&rsquo;Art. Les assemblages du pi\u00e8tement et du caisson, ainsi que des tiroirs, sont <strong>traditionnels<\/strong> (tenons-mortaises, queues d&rsquo;aronde&#8230;). La colle utilis\u00e9e est une colle chaude d&rsquo;\u00e9b\u00e9niste naturelle.<\/p>\n<p>La<strong> finition naturelle<\/strong> \u00e0 l&rsquo;huile-cire ne n\u00e9cessite aucun entretien particulier.<\/p>\n<p>Livraison offerte (France m\u00e9tropolitaine), ou retrait \u00e0 l&rsquo;atelier (l&rsquo;occasion de visiter mon atelier d&rsquo;\u00e9b\u00e9nisterie, et de boire un verre ensemble !). ACHAT POSSIBLE EN DIRECT, ME CONTACTER !<\/p>\n<p><a href=\"https:\/\/www.instagram.com\/reel\/DPhAb9RDVfy\/?utm_source=ig_web_copy_link&amp;igsh=MzRlODBiNWFlZA==\">Lien vers la vid\u00e9o Instragram.<\/a><\/p>\n<p><a href=\"https:\/\/www.facebook.com\/reel\/1141023360818765\">Lien vers la vid\u00e9o Facebook.<\/a><\/p>\n","protected":false},"featured_media":1736,"comment_status":"open","ping_status":"closed","template":"","meta":[],"product_brand":[],"product_cat":[30,36],"product_tag":[],"class_list":{"0":"post-1729","1":"product","2":"type-product","3":"status-publish","4":"has-post-thumbnail","6":"product_cat-decoration-interieure","7":"product_cat-mobilier-dexception","9":"first","10":"instock","11":"shipping-taxable","12":"purchasable","13":"product-type-simple"},"_links":{"self":[{"href":"https:\/\/songesdebene.fr\/index.php\/wp-json\/wp\/v2\/product\/1729","targetHints":{"allow":["GET"]}}],"collection":[{"href":"https:\/\/songesdebene.fr\/index.php\/wp-json\/wp\/v2\/product"}],"about":[{"href":"https:\/\/songesdebene.fr\/index.php\/wp-json\/wp\/v2\/types\/product"}],"replies":[{"embeddable":true,"href":"https:\/\/songesdebene.fr\/index.php\/wp-json\/wp\/v2\/comments?post=1729"}],"wp:featuredmedia":[{"embeddable":true,"href":"https:\/\/songesdebene.fr\/index.php\/wp-json\/wp\/v2\/media\/1736"}],"wp:attachment":[{"href":"https:\/\/songesdebene.fr\/index.php\/wp-json\/wp\/v2\/media?parent=1729"}],"wp:term":[{"taxonomy":"product_brand","embeddable":true,"href":"https:\/\/songesdebene.fr\/index.php\/wp-json\/wp\/v2\/product_brand?post=1729"},{"taxonomy":"product_cat","embeddable":true,"href":"https:\/\/songesdebene.fr\/index.php\/wp-json\/wp\/v2\/product_cat?post=1729"},{"taxonomy":"product_tag","embeddable":true,"href":"https:\/\/songesdebene.fr\/index.php\/wp-json\/wp\/v2\/product_tag?post=1729"}],"curies":[{"name":"wp","href":"https:\/\/api.w.org\/{rel}","templated":true}]}}