{"id":1437,"date":"2025-09-01T10:23:54","date_gmt":"2025-09-01T08:23:54","guid":{"rendered":"https:\/\/songesdebene.fr\/?post_type=product&#038;p=1437"},"modified":"2026-02-04T16:16:33","modified_gmt":"2026-02-04T15:16:33","slug":"baguettes-magiques","status":"publish","type":"product","link":"https:\/\/songesdebene.fr\/index.php\/produit\/baguettes-magiques\/","title":{"rendered":"Baguettes magiques"},"content":{"rendered":"<p>Baguettes magiques en bois de tilleul, pour petits et grands !<\/p>\n<p>Tourn\u00e9es et sculpt\u00e9es \u00e0 la main \u00e0 Saint-Laurent-sur-Gorre.<\/p>\n<p>Diff\u00e9rentes couleurs disponibles (variations \u00e0 choisir). Finition teinte \/ huile color\u00e9e, puis cire d&rsquo;abeille et carnauba.<\/p>\n<p>Environ 27 cm de longueur.<\/p>\n<p><a href=\"https:\/\/www.instagram.com\/reel\/DNnedU_MBYy\/?utm_source=ig_web_copy_link&amp;igsh=MzRlODBiNWFlZA==\">Lien vers la vid\u00e9o Instagram.<\/a><\/p>\n<p><a href=\"https:\/\/www.facebook.com\/share\/r\/16qmGH3TSW\/\">Lien vers la vid\u00e9o Facebook.<\/a><\/p>\n","protected":false},"excerpt":{"rendered":"<p>Baguettes magiques en bois de tilleul, pour petits et grands !<\/p>\n<p><a href=\"https:\/\/www.instagram.com\/reel\/DNnedU_MBYy\/?utm_source=ig_web_copy_link&amp;igsh=MzRlODBiNWFlZA==\">Lien vers la vid\u00e9o Instagram.<\/a><\/p>\n<p><a href=\"https:\/\/www.facebook.com\/share\/r\/16qmGH3TSW\/\">Lien vers la vid\u00e9o Facebook.<\/a><\/p>\n","protected":false},"featured_media":1446,"comment_status":"open","ping_status":"closed","template":"","meta":[],"product_brand":[],"product_cat":[32],"product_tag":[],"class_list":{"0":"post-1437","1":"product","2":"type-product","3":"status-publish","4":"has-post-thumbnail","6":"product_cat-jeux-et-jouets","7":"product_shipping_class-petit_objet","9":"first","10":"instock","11":"shipping-taxable","12":"purchasable","13":"product-type-variable"},"_links":{"self":[{"href":"https:\/\/songesdebene.fr\/index.php\/wp-json\/wp\/v2\/product\/1437","targetHints":{"allow":["GET"]}}],"collection":[{"href":"https:\/\/songesdebene.fr\/index.php\/wp-json\/wp\/v2\/product"}],"about":[{"href":"https:\/\/songesdebene.fr\/index.php\/wp-json\/wp\/v2\/types\/product"}],"replies":[{"embeddable":true,"href":"https:\/\/songesdebene.fr\/index.php\/wp-json\/wp\/v2\/comments?post=1437"}],"wp:featuredmedia":[{"embeddable":true,"href":"https:\/\/songesdebene.fr\/index.php\/wp-json\/wp\/v2\/media\/1446"}],"wp:attachment":[{"href":"https:\/\/songesdebene.fr\/index.php\/wp-json\/wp\/v2\/media?parent=1437"}],"wp:term":[{"taxonomy":"product_brand","embeddable":true,"href":"https:\/\/songesdebene.fr\/index.php\/wp-json\/wp\/v2\/product_brand?post=1437"},{"taxonomy":"product_cat","embeddable":true,"href":"https:\/\/songesdebene.fr\/index.php\/wp-json\/wp\/v2\/product_cat?post=1437"},{"taxonomy":"product_tag","embeddable":true,"href":"https:\/\/songesdebene.fr\/index.php\/wp-json\/wp\/v2\/product_tag?post=1437"}],"curies":[{"name":"wp","href":"https:\/\/api.w.org\/{rel}","templated":true}]}}