{"id":1318,"date":"2025-06-12T21:11:38","date_gmt":"2025-06-12T19:11:38","guid":{"rendered":"https:\/\/songesdebene.fr\/?post_type=product&#038;p=1318"},"modified":"2026-02-04T16:21:34","modified_gmt":"2026-02-04T15:21:34","slug":"boucles-doreilles-en-bois-massif","status":"publish","type":"product","link":"https:\/\/songesdebene.fr\/index.php\/produit\/boucles-doreilles-en-bois-massif\/","title":{"rendered":"Boucles d&rsquo;oreilles en bois massif"},"content":{"rendered":"<p>Boucles d&rsquo;oreilles en bois massif.<\/p>\n<p>Diverses essences et formes disponibles, \u00e0 choisir dans les variations. R\u00e9alis\u00e9es artisanalement \u00e0 Saint-Laurent-sur-Gorre, dans mon atelier.<\/p>\n<p>Chaque paire est cr\u00e9\u00e9e en fonction du bois, selon son veinage, ses couleurs, sa duret\u00e9, sa brillance. Et selon l&rsquo;inspiration du moment.<\/p>\n<p><a href=\"https:\/\/www.instagram.com\/p\/DIlZiwBsfZh\/?utm_source=ig_web_copy_link&amp;igsh=MzRlODBiNWFlZA==\">Lien vers ma publication sur Instagram.<\/a><\/p>\n","protected":false},"excerpt":{"rendered":"<p>Boucles d&rsquo;oreilles en bois massif.<\/p>\n<p>Diverses essences et formes disponibles, \u00e0 choisir dans les variations. R\u00e9alis\u00e9es artisanalement \u00e0 Saint-Laurent-sur-Gorre, dans mon atelier.<\/p>\n<p>Chaque paire est cr\u00e9\u00e9e en fonction du bois, selon son veinage, ses couleurs, sa duret\u00e9, sa brillance. Et selon l&rsquo;inspiration du moment.<\/p>\n<p><a href=\"https:\/\/www.instagram.com\/p\/DIlZiwBsfZh\/?utm_source=ig_web_copy_link&amp;igsh=MzRlODBiNWFlZA==\">Lien vers ma publication sur Instagram.<\/a><\/p>\n","protected":false},"featured_media":1334,"comment_status":"open","ping_status":"closed","template":"","meta":[],"product_brand":[],"product_cat":[29],"product_tag":[],"class_list":{"0":"post-1318","1":"product","2":"type-product","3":"status-publish","4":"has-post-thumbnail","6":"product_cat-bijoux","7":"product_shipping_class-petit_objet","9":"first","10":"instock","11":"shipping-taxable","12":"purchasable","13":"product-type-variable"},"_links":{"self":[{"href":"https:\/\/songesdebene.fr\/index.php\/wp-json\/wp\/v2\/product\/1318","targetHints":{"allow":["GET"]}}],"collection":[{"href":"https:\/\/songesdebene.fr\/index.php\/wp-json\/wp\/v2\/product"}],"about":[{"href":"https:\/\/songesdebene.fr\/index.php\/wp-json\/wp\/v2\/types\/product"}],"replies":[{"embeddable":true,"href":"https:\/\/songesdebene.fr\/index.php\/wp-json\/wp\/v2\/comments?post=1318"}],"wp:featuredmedia":[{"embeddable":true,"href":"https:\/\/songesdebene.fr\/index.php\/wp-json\/wp\/v2\/media\/1334"}],"wp:attachment":[{"href":"https:\/\/songesdebene.fr\/index.php\/wp-json\/wp\/v2\/media?parent=1318"}],"wp:term":[{"taxonomy":"product_brand","embeddable":true,"href":"https:\/\/songesdebene.fr\/index.php\/wp-json\/wp\/v2\/product_brand?post=1318"},{"taxonomy":"product_cat","embeddable":true,"href":"https:\/\/songesdebene.fr\/index.php\/wp-json\/wp\/v2\/product_cat?post=1318"},{"taxonomy":"product_tag","embeddable":true,"href":"https:\/\/songesdebene.fr\/index.php\/wp-json\/wp\/v2\/product_tag?post=1318"}],"curies":[{"name":"wp","href":"https:\/\/api.w.org\/{rel}","templated":true}]}}