{"id":1231,"date":"2025-06-10T08:06:40","date_gmt":"2025-06-10T06:06:40","guid":{"rendered":"https:\/\/songesdebene.fr\/?post_type=product&#038;p=1231"},"modified":"2025-09-12T18:07:52","modified_gmt":"2025-09-12T16:07:52","slug":"bol-tricorne","status":"publish","type":"product","link":"https:\/\/songesdebene.fr\/index.php\/produit\/bol-tricorne\/","title":{"rendered":"Bol Tricorne"},"content":{"rendered":"<p>Bol Tricorne en ch\u00eane massif, finition \u00e0 l&rsquo;huile alimentaire.<\/p>\n<p>Tourn\u00e9 au tour \u00e0 bois \u00ab\u00a0sur la pointe\u00a0\u00bb, ce bol s\u00e9duit par sa <strong>forme atypique<\/strong>, et par les <strong>contrastes<\/strong> qu&rsquo;offre son bois. En effet, il est taill\u00e9 \u00e0 partir d&rsquo;un bloc assembl\u00e9 de plusieurs plateaux de ch\u00eane de pays, coll\u00e9s perpendiculairement. Cet assemblage casse l&rsquo;uniformit\u00e9 du motif et des reflets.<\/p>\n<p>Diam\u00e8tre d&rsquo;environ 20 cm, hauteur de 12 cm.<\/p>\n<p><a href=\"https:\/\/www.instagram.com\/p\/DIQ1ayUq4hH\/?utm_source=ig_web_copy_link&amp;igsh=MzRlODBiNWFlZA==\">Vid\u00e9os et images sur Instagram.<\/a><\/p>\n","protected":false},"excerpt":{"rendered":"<p>Bol Tricorne en ch\u00eane massif, finition \u00e0 l&rsquo;huile alimentaire.<\/p>\n","protected":false},"featured_media":1233,"comment_status":"open","ping_status":"closed","template":"","meta":[],"product_brand":[],"product_cat":[24,30],"product_tag":[],"class_list":{"0":"post-1231","1":"product","2":"type-product","3":"status-publish","4":"has-post-thumbnail","6":"product_cat-arts-de-la-table","7":"product_cat-decoration-interieure","8":"product_shipping_class-moyen_objet","10":"first","11":"instock","12":"shipping-taxable","13":"purchasable","14":"product-type-simple"},"_links":{"self":[{"href":"https:\/\/songesdebene.fr\/index.php\/wp-json\/wp\/v2\/product\/1231","targetHints":{"allow":["GET"]}}],"collection":[{"href":"https:\/\/songesdebene.fr\/index.php\/wp-json\/wp\/v2\/product"}],"about":[{"href":"https:\/\/songesdebene.fr\/index.php\/wp-json\/wp\/v2\/types\/product"}],"replies":[{"embeddable":true,"href":"https:\/\/songesdebene.fr\/index.php\/wp-json\/wp\/v2\/comments?post=1231"}],"wp:featuredmedia":[{"embeddable":true,"href":"https:\/\/songesdebene.fr\/index.php\/wp-json\/wp\/v2\/media\/1233"}],"wp:attachment":[{"href":"https:\/\/songesdebene.fr\/index.php\/wp-json\/wp\/v2\/media?parent=1231"}],"wp:term":[{"taxonomy":"product_brand","embeddable":true,"href":"https:\/\/songesdebene.fr\/index.php\/wp-json\/wp\/v2\/product_brand?post=1231"},{"taxonomy":"product_cat","embeddable":true,"href":"https:\/\/songesdebene.fr\/index.php\/wp-json\/wp\/v2\/product_cat?post=1231"},{"taxonomy":"product_tag","embeddable":true,"href":"https:\/\/songesdebene.fr\/index.php\/wp-json\/wp\/v2\/product_tag?post=1231"}],"curies":[{"name":"wp","href":"https:\/\/api.w.org\/{rel}","templated":true}]}}