{"id":1042,"date":"2025-03-27T07:58:30","date_gmt":"2025-03-27T06:58:30","guid":{"rendered":"https:\/\/songesdebene.fr\/?post_type=product&#038;p=1042"},"modified":"2026-02-04T17:38:32","modified_gmt":"2026-02-04T16:38:32","slug":"horloge-ronde-avec-marqueterie-mer-desert-et-montagne","status":"publish","type":"product","link":"https:\/\/songesdebene.fr\/index.php\/produit\/horloge-ronde-avec-marqueterie-mer-desert-et-montagne\/","title":{"rendered":"Horloge ronde avec marqueterie \u00ab\u00a0Mer, d\u00e9sert et montagne\u00a0\u00bb"},"content":{"rendered":"<p>Horloge ronde avec marqueterie, r\u00e9alis\u00e9e artisanalement. Exemplaires uniques.<\/p>\n<p>Bois d&rsquo;\u00e9rable ou de fr\u00eane (pour la base massive), placages de noyer, tulipier teint\u00e9 bleu, poirier noirci et charme. Tous les bois viennent de France.<br \/>\nAiguilles en noyer, m\u00e9canisme silencieux. Accroche murale fournie et mont\u00e9e.<br \/>\nFonctionne avec une pile AA.<\/p>\n<p>Finition vernis satin\u00e9.<\/p>\n<p><a href=\"https:\/\/www.instagram.com\/p\/DHs_xRCqyrT\/?utm_source=ig_web_copy_link&amp;igsh=MzRlODBiNWFlZA==\">Vid\u00e9o et images de d\u00e9monstration sur Instagram.<\/a><\/p>\n<p>&nbsp;<\/p>\n","protected":false},"excerpt":{"rendered":"<p>Horloge ronde avec marqueterie, r\u00e9alis\u00e9e artisanalement. Finition vernis satin\u00e9.<\/p>\n<p><a href=\"https:\/\/www.instagram.com\/p\/DHs_xRCqyrT\/?utm_source=ig_web_copy_link&amp;igsh=MzRlODBiNWFlZA==\">Vid\u00e9o et images de d\u00e9monstration sur Instagram.<\/a><\/p>\n","protected":false},"featured_media":1046,"comment_status":"open","ping_status":"closed","template":"","meta":[],"product_brand":[],"product_cat":[30],"product_tag":[],"class_list":{"0":"post-1042","1":"product","2":"type-product","3":"status-publish","4":"has-post-thumbnail","6":"product_cat-decoration-interieure","7":"product_shipping_class-moyen_objet","9":"first","10":"instock","11":"shipping-taxable","12":"purchasable","13":"product-type-variable"},"_links":{"self":[{"href":"https:\/\/songesdebene.fr\/index.php\/wp-json\/wp\/v2\/product\/1042","targetHints":{"allow":["GET"]}}],"collection":[{"href":"https:\/\/songesdebene.fr\/index.php\/wp-json\/wp\/v2\/product"}],"about":[{"href":"https:\/\/songesdebene.fr\/index.php\/wp-json\/wp\/v2\/types\/product"}],"replies":[{"embeddable":true,"href":"https:\/\/songesdebene.fr\/index.php\/wp-json\/wp\/v2\/comments?post=1042"}],"wp:featuredmedia":[{"embeddable":true,"href":"https:\/\/songesdebene.fr\/index.php\/wp-json\/wp\/v2\/media\/1046"}],"wp:attachment":[{"href":"https:\/\/songesdebene.fr\/index.php\/wp-json\/wp\/v2\/media?parent=1042"}],"wp:term":[{"taxonomy":"product_brand","embeddable":true,"href":"https:\/\/songesdebene.fr\/index.php\/wp-json\/wp\/v2\/product_brand?post=1042"},{"taxonomy":"product_cat","embeddable":true,"href":"https:\/\/songesdebene.fr\/index.php\/wp-json\/wp\/v2\/product_cat?post=1042"},{"taxonomy":"product_tag","embeddable":true,"href":"https:\/\/songesdebene.fr\/index.php\/wp-json\/wp\/v2\/product_tag?post=1042"}],"curies":[{"name":"wp","href":"https:\/\/api.w.org\/{rel}","templated":true}]}}