{"id":957,"date":"2025-03-20T17:51:18","date_gmt":"2025-03-20T16:51:18","guid":{"rendered":"https:\/\/songesdebene.fr\/?post_type=product&#038;p=957"},"modified":"2026-02-04T17:45:56","modified_gmt":"2026-02-04T16:45:56","slug":"bouchon-de-bouteille-bois-et-metal","status":"publish","type":"product","link":"http:\/\/songesdebene.fr\/index.php\/produit\/bouchon-de-bouteille-bois-et-metal\/","title":{"rendered":"Bouchon de bouteille bois et m\u00e9tal"},"content":{"rendered":"<p>Vous n&rsquo;avez pas pu finir la bouteille ? Pas de panique, un bouchon et elle patientera. Un bouchon&#8230; mais un beau !<\/p>\n<p>Bouchons de bouteille avec partie m\u00e9tal et caoutchouc herm\u00e9tique, et bois d&rsquo;essences vari\u00e9es.<\/p>\n<p>La <strong>partie en bois est fabriqu\u00e9e \u00e0 la main<\/strong>, et <strong>chaque exemplaire est unique<\/strong>. Les essences sont indiqu\u00e9es dans les variations et visibles sur l&rsquo;image avec les num\u00e9ros (la derni\u00e8re) : ang\u00e9lique, h\u00eatre, buis, cormier, black limba&#8230; Pour la partie m\u00e9tallique, je l&rsquo;ai choisie en fonction de l&rsquo;harmonie de couleur avec le bois. Il y a du dor\u00e9, de l&rsquo;argent\u00e9, du cuivr\u00e9, de l&rsquo;anthracite&#8230;<\/p>\n<p>La partie en bois est vernie, elle r\u00e9sistera \u00e0 l&rsquo;humidit\u00e9 et au froid du r\u00e9frig\u00e9rateur, si besoin. Le poids des bouchons est suffisant pour que ces derniers tiennent naturellement en place une fois pos\u00e9s sur le goulot. Il est inutile de les enfoncer profond\u00e9ment.<\/p>\n<p><a href=\"https:\/\/www.instagram.com\/p\/DHqYV-cKoY7\/?utm_source=ig_web_copy_link&amp;igsh=MzRlODBiNWFlZA==\">Vid\u00e9o et images sur Instagram.<\/a><\/p>\n","protected":false},"excerpt":{"rendered":"<p>Bouchons de bouteille avec partie m\u00e9tal et caoutchouc herm\u00e9tique, et bois d&rsquo;essences vari\u00e9es.<\/p>\n<p><a href=\"https:\/\/www.instagram.com\/p\/DHqYV-cKoY7\/?utm_source=ig_web_copy_link&amp;igsh=MzRlODBiNWFlZA==\">Vid\u00e9o et images sur Instagram.<\/a><\/p>\n","protected":false},"featured_media":958,"comment_status":"open","ping_status":"closed","template":"","meta":[],"product_brand":[],"product_cat":[24],"product_tag":[],"class_list":{"0":"post-957","1":"product","2":"type-product","3":"status-publish","4":"has-post-thumbnail","6":"product_cat-arts-de-la-table","7":"product_shipping_class-petit_objet","9":"first","10":"instock","11":"shipping-taxable","12":"purchasable","13":"product-type-variable"},"_links":{"self":[{"href":"http:\/\/songesdebene.fr\/index.php\/wp-json\/wp\/v2\/product\/957","targetHints":{"allow":["GET"]}}],"collection":[{"href":"http:\/\/songesdebene.fr\/index.php\/wp-json\/wp\/v2\/product"}],"about":[{"href":"http:\/\/songesdebene.fr\/index.php\/wp-json\/wp\/v2\/types\/product"}],"replies":[{"embeddable":true,"href":"http:\/\/songesdebene.fr\/index.php\/wp-json\/wp\/v2\/comments?post=957"}],"wp:featuredmedia":[{"embeddable":true,"href":"http:\/\/songesdebene.fr\/index.php\/wp-json\/wp\/v2\/media\/958"}],"wp:attachment":[{"href":"http:\/\/songesdebene.fr\/index.php\/wp-json\/wp\/v2\/media?parent=957"}],"wp:term":[{"taxonomy":"product_brand","embeddable":true,"href":"http:\/\/songesdebene.fr\/index.php\/wp-json\/wp\/v2\/product_brand?post=957"},{"taxonomy":"product_cat","embeddable":true,"href":"http:\/\/songesdebene.fr\/index.php\/wp-json\/wp\/v2\/product_cat?post=957"},{"taxonomy":"product_tag","embeddable":true,"href":"http:\/\/songesdebene.fr\/index.php\/wp-json\/wp\/v2\/product_tag?post=957"}],"curies":[{"name":"wp","href":"https:\/\/api.w.org\/{rel}","templated":true}]}}