{"id":791,"date":"2025-03-13T14:03:19","date_gmt":"2025-03-13T13:03:19","guid":{"rendered":"https:\/\/songesdebene.fr\/?post_type=product&#038;p=791"},"modified":"2026-02-04T18:07:01","modified_gmt":"2026-02-04T17:07:01","slug":"stylo-en-bois-finition-brillante","status":"publish","type":"product","link":"http:\/\/songesdebene.fr\/index.php\/produit\/stylo-en-bois-finition-brillante\/","title":{"rendered":"Stylo en bois finition brillante"},"content":{"rendered":"<p>Stylos \u00e0 bille faits main, dans diverses essences (choisir la \u00ab\u00a0variation\u00a0\u00bb selon le bois voulu ; certains bois sont teint\u00e9s dans la masse, c&rsquo;est mentionn\u00e9).<\/p>\n<p>Il s&rsquo;agit de r\u00e9alisations artisanale et uniques. Le f\u00fbt de chaque stylo est coll\u00e9 dans un carrelet de bois, puis tourn\u00e9 \u00e0 la forme d\u00e9sir\u00e9e. Le profil du stylo lui assure une bonne prise en main.<\/p>\n<p>La finition de ces mod\u00e8les est faite \u00e0 la colle cyanoacrylate (de type \u00ab\u00a0SuperGlue\u00a0\u00bb), la finition la plus longue \u00e0 r\u00e9aliser mais aussi la plus fine et la plus r\u00e9sistante. Elle offre \u00e9galement un brillant incomparable. Pas de rayures ou de d\u00e9coloration \u00e0 craindre m\u00eame avec un usage intensif !<br \/>\n<strong>Les parties m\u00e9talliques sont plaqu\u00e9es or<\/strong> et la couleur d&rsquo;\u00e9criture est le noir, mais le stylo est d\u00e9montable et accepte les recharges de type \u00ab\u00a0Cross\u00a0\u00bb qui existent aussi en bleu ou rouge.<br \/>\nPour une r\u00e9alisation sur mesure (bois, couleur m\u00e9tal, type de clip, couleur d&rsquo;encre&#8230;), n&rsquo;h\u00e9sitez pas \u00e0 me contacter !<\/p>\n<p><a href=\"https:\/\/www.instagram.com\/p\/DFpgYJmMLug\/?utm_source=ig_web_copy_link&amp;igsh=MzRlODBiNWFlZA==\">Images de d\u00e9monstration sur Instagram.<\/a><\/p>\n","protected":false},"excerpt":{"rendered":"<p>Stylos \u00e0 bille faits main, dans diverses essences (choisir la variation selon le bois voulu). Il s&rsquo;agit de r\u00e9alisations artisanale et uniques. Finition brillante. Monture dor\u00e9e. Encre noire.<\/p>\n<p><a href=\"https:\/\/www.instagram.com\/p\/DFpgYJmMLug\/?utm_source=ig_web_copy_link&amp;igsh=MzRlODBiNWFlZA==\">Images de d\u00e9monstration sur Instagram.<\/a><\/p>\n","protected":false},"featured_media":799,"comment_status":"open","ping_status":"closed","template":"","meta":[],"product_brand":[],"product_cat":[31],"product_tag":[],"class_list":{"0":"post-791","1":"product","2":"type-product","3":"status-publish","4":"has-post-thumbnail","6":"product_cat-ecriture-et-lecture","7":"product_shipping_class-petit_objet","9":"first","10":"instock","11":"shipping-taxable","12":"purchasable","13":"product-type-variable"},"_links":{"self":[{"href":"http:\/\/songesdebene.fr\/index.php\/wp-json\/wp\/v2\/product\/791","targetHints":{"allow":["GET"]}}],"collection":[{"href":"http:\/\/songesdebene.fr\/index.php\/wp-json\/wp\/v2\/product"}],"about":[{"href":"http:\/\/songesdebene.fr\/index.php\/wp-json\/wp\/v2\/types\/product"}],"replies":[{"embeddable":true,"href":"http:\/\/songesdebene.fr\/index.php\/wp-json\/wp\/v2\/comments?post=791"}],"wp:featuredmedia":[{"embeddable":true,"href":"http:\/\/songesdebene.fr\/index.php\/wp-json\/wp\/v2\/media\/799"}],"wp:attachment":[{"href":"http:\/\/songesdebene.fr\/index.php\/wp-json\/wp\/v2\/media?parent=791"}],"wp:term":[{"taxonomy":"product_brand","embeddable":true,"href":"http:\/\/songesdebene.fr\/index.php\/wp-json\/wp\/v2\/product_brand?post=791"},{"taxonomy":"product_cat","embeddable":true,"href":"http:\/\/songesdebene.fr\/index.php\/wp-json\/wp\/v2\/product_cat?post=791"},{"taxonomy":"product_tag","embeddable":true,"href":"http:\/\/songesdebene.fr\/index.php\/wp-json\/wp\/v2\/product_tag?post=791"}],"curies":[{"name":"wp","href":"https:\/\/api.w.org\/{rel}","templated":true}]}}