{"id":1572,"date":"2025-10-12T09:21:44","date_gmt":"2025-10-12T07:21:44","guid":{"rendered":"https:\/\/songesdebene.fr\/?post_type=product&#038;p=1572"},"modified":"2026-02-04T16:14:00","modified_gmt":"2026-02-04T15:14:00","slug":"boitier-pour-stylo-songes-debene","status":"publish","type":"product","link":"http:\/\/songesdebene.fr\/index.php\/produit\/boitier-pour-stylo-songes-debene\/","title":{"rendered":"Bo\u00eetier pour stylo Songes d&rsquo;\u00e9b\u00e8ne"},"content":{"rendered":"<p>Bo\u00eetier pour stylo Songes d&rsquo;\u00e9b\u00e8ne, tilleul massif, charni\u00e8res argent\u00e9es ou dor\u00e9es (selon arrivage).<\/p>\n<p><strong>Vendu uniquement avec un stylo ou porte-mine Songes d&rsquo;\u00e9b\u00e8ne.<\/strong><br \/>\n(pour une fabrication en marque blanche, me contacter)<\/p>\n<p>Fabrication int\u00e9grale \u00e0 l&rsquo;atelier Songes d&rsquo;\u00e9b\u00e8ne, \u00e0 Saint-Laurent-sur-Gorre.<\/p>\n<p>Fermeture aimant\u00e9e.<\/p>\n<p><strong>Personnalisation possible<\/strong> en plus du logo par gravure laser (me contacter).<\/p>\n<p><a href=\"https:\/\/www.instagram.com\/reel\/DPqnOaAjY7b\/?utm_source=ig_web_copy_link&amp;igsh=MzRlODBiNWFlZA==\">Vid\u00e9o de pr\u00e9sentation et de fabrication sur Instagram.<\/a><\/p>\n<p><a href=\"https:\/\/www.facebook.com\/share\/v\/17dG63pziN\/\">Vid\u00e9o de pr\u00e9sentation et de fabrication sur Facebook.<\/a><\/p>\n","protected":false},"excerpt":{"rendered":"<p>Bo\u00eetier pour stylo Songes d&rsquo;\u00e9b\u00e8ne, tilleul massif, charni\u00e8res argent\u00e9es ou dor\u00e9es (selon arrivage).<\/p>\n<p><strong>Vendu uniquement avec un stylo ou porte-mine Songes d&rsquo;\u00e9b\u00e8ne.<\/strong><br \/>\n(pour une fabrication en marque blanche, me contacter)<\/p>\n<p><a href=\"https:\/\/www.instagram.com\/reel\/DPqnOaAjY7b\/?utm_source=ig_web_copy_link&amp;igsh=MzRlODBiNWFlZA==\">Vid\u00e9o de pr\u00e9sentation et de fabrication sur Instagram.<\/a><\/p>\n<p><a href=\"https:\/\/www.facebook.com\/share\/v\/17dG63pziN\/\">Vid\u00e9o de pr\u00e9sentation et de fabrication sur Facebook.<\/a><\/p>\n","protected":false},"featured_media":1573,"comment_status":"open","ping_status":"closed","template":"","meta":[],"product_brand":[],"product_cat":[31],"product_tag":[],"class_list":{"0":"post-1572","1":"product","2":"type-product","3":"status-publish","4":"has-post-thumbnail","6":"product_cat-ecriture-et-lecture","7":"product_shipping_class-petit_objet","9":"first","10":"instock","11":"shipping-taxable","12":"purchasable","13":"product-type-simple"},"_links":{"self":[{"href":"http:\/\/songesdebene.fr\/index.php\/wp-json\/wp\/v2\/product\/1572","targetHints":{"allow":["GET"]}}],"collection":[{"href":"http:\/\/songesdebene.fr\/index.php\/wp-json\/wp\/v2\/product"}],"about":[{"href":"http:\/\/songesdebene.fr\/index.php\/wp-json\/wp\/v2\/types\/product"}],"replies":[{"embeddable":true,"href":"http:\/\/songesdebene.fr\/index.php\/wp-json\/wp\/v2\/comments?post=1572"}],"wp:featuredmedia":[{"embeddable":true,"href":"http:\/\/songesdebene.fr\/index.php\/wp-json\/wp\/v2\/media\/1573"}],"wp:attachment":[{"href":"http:\/\/songesdebene.fr\/index.php\/wp-json\/wp\/v2\/media?parent=1572"}],"wp:term":[{"taxonomy":"product_brand","embeddable":true,"href":"http:\/\/songesdebene.fr\/index.php\/wp-json\/wp\/v2\/product_brand?post=1572"},{"taxonomy":"product_cat","embeddable":true,"href":"http:\/\/songesdebene.fr\/index.php\/wp-json\/wp\/v2\/product_cat?post=1572"},{"taxonomy":"product_tag","embeddable":true,"href":"http:\/\/songesdebene.fr\/index.php\/wp-json\/wp\/v2\/product_tag?post=1572"}],"curies":[{"name":"wp","href":"https:\/\/api.w.org\/{rel}","templated":true}]}}