{"id":14,"date":"2024-09-05T23:29:55","date_gmt":"2024-09-05T21:29:55","guid":{"rendered":"https:\/\/songesdebene.fr\/?page_id=14"},"modified":"2025-12-28T22:15:22","modified_gmt":"2025-12-28T21:15:22","slug":"a-propos-de","status":"publish","type":"page","link":"http:\/\/songesdebene.fr\/index.php\/a-propos-de\/","title":{"rendered":"\u00c0 propos de moi"},"content":{"rendered":"\n<figure class=\"wp-block-image size-large is-style-rounded\"><img loading=\"lazy\" decoding=\"async\" width=\"1024\" height=\"576\" src=\"https:\/\/songesdebene.fr\/wp-content\/uploads\/2025\/02\/Portrait_jc_berton_2-1024x576.jpg\" alt=\"\" class=\"wp-image-657\" srcset=\"http:\/\/songesdebene.fr\/wp-content\/uploads\/2025\/02\/Portrait_jc_berton_2-1024x576.jpg 1024w, http:\/\/songesdebene.fr\/wp-content\/uploads\/2025\/02\/Portrait_jc_berton_2-600x338.jpg 600w, http:\/\/songesdebene.fr\/wp-content\/uploads\/2025\/02\/Portrait_jc_berton_2-300x169.jpg 300w, http:\/\/songesdebene.fr\/wp-content\/uploads\/2025\/02\/Portrait_jc_berton_2-768x432.jpg 768w, http:\/\/songesdebene.fr\/wp-content\/uploads\/2025\/02\/Portrait_jc_berton_2-1536x865.jpg 1536w, http:\/\/songesdebene.fr\/wp-content\/uploads\/2025\/02\/Portrait_jc_berton_2.jpg 1597w\" sizes=\"auto, (max-width: 1024px) 100vw, 1024px\" \/><\/figure>\n\n\n\n<div class=\"wp-block-group is-content-justification-space-between is-nowrap is-layout-flex wp-container-core-group-is-layout-0dfbf163 wp-block-group-is-layout-flex\">\n<p>Informaticien pendant pr\u00e8s de 20 ans, j&rsquo;ai troqu\u00e9 le virtuel pour la r\u00e9alit\u00e9 d&rsquo;une mati\u00e8re, <strong>le bois<\/strong>, et le travail manuel qui permet de le modeler au gr\u00e9 de mon imagination. Pour ce faire, j&rsquo;ai eu besoin d&rsquo;acqu\u00e9rir les bases des m\u00e9tiers du bois et les gestes qui permettent de travailler cette mati\u00e8re noble et vivante. Je suis donc \u00ab\u00a0retourn\u00e9 \u00e0 l&rsquo;\u00e9cole\u00a0\u00bb pour suivre une formation de menuisier-\u00e9b\u00e9niste chez les Compagnons du Tour de France et obtenir mon CAP d&rsquo;\u00e9b\u00e9niste.<\/p>\n<\/div>\n\n\n\n<p><\/p>\n\n\n<div class=\"wp-block-image\">\n<figure class=\"aligncenter size-full is-resized\"><img loading=\"lazy\" decoding=\"async\" width=\"609\" height=\"813\" src=\"http:\/\/songesdebene.fr\/wp-content\/uploads\/2024\/09\/IMG_5678.jpg\" alt=\"\" class=\"wp-image-197\" style=\"width:364px;height:auto\" srcset=\"http:\/\/songesdebene.fr\/wp-content\/uploads\/2024\/09\/IMG_5678.jpg 609w, http:\/\/songesdebene.fr\/wp-content\/uploads\/2024\/09\/IMG_5678-600x801.jpg 600w, http:\/\/songesdebene.fr\/wp-content\/uploads\/2024\/09\/IMG_5678-225x300.jpg 225w\" sizes=\"auto, (max-width: 609px) 100vw, 609px\" \/><\/figure>\n<\/div>\n\n\n<p><\/p>\n\n\n\n<p>Je travaille aujourd&rsquo;hui le bois <strong>sous toutes ses formes<\/strong> (bois massifs ou composites, en menuiserie, tournage, placage, marqueterie&#8230;), principalement \u00e0 la main avec des outils et des techniques traditionnels, m\u00eame si parfois les machines et des proc\u00e9d\u00e9s plus modernes s&rsquo;av\u00e8rent indispensables dans mes r\u00e9alisations.<\/p>\n\n\n\n<p>Celles-ci vont des meubles sur-mesure aux objets d\u00e9coratifs ou utilitaires, stylos, jeux en bois&#8230; En dehors des commandes n\u00e9cessitant parfois la confection d&rsquo;un cahier des charges, j&rsquo;aime partir d&rsquo;une id\u00e9e ou d&rsquo;un simple concept pour cr\u00e9er un objet. Je peux aussi me laisser guider par la mati\u00e8re elle-m\u00eame. C&rsquo;est notamment le cas lorsque je r\u00e9alise des objets en utilisant le tournage.<\/p>\n\n\n\n<p><\/p>\n\n\n<div class=\"wp-block-image\">\n<figure class=\"aligncenter size-large is-resized\"><img loading=\"lazy\" decoding=\"async\" width=\"759\" height=\"1024\" src=\"http:\/\/songesdebene.fr\/wp-content\/uploads\/2025\/02\/mielikki-759x1024.png\" alt=\"\" class=\"wp-image-384\" style=\"width:364px;height:auto\" srcset=\"http:\/\/songesdebene.fr\/wp-content\/uploads\/2025\/02\/mielikki-759x1024.png 759w, http:\/\/songesdebene.fr\/wp-content\/uploads\/2025\/02\/mielikki-600x810.png 600w, http:\/\/songesdebene.fr\/wp-content\/uploads\/2025\/02\/mielikki-222x300.png 222w, http:\/\/songesdebene.fr\/wp-content\/uploads\/2025\/02\/mielikki-768x1036.png 768w, http:\/\/songesdebene.fr\/wp-content\/uploads\/2025\/02\/mielikki-1138x1536.png 1138w, http:\/\/songesdebene.fr\/wp-content\/uploads\/2025\/02\/mielikki.png 1280w\" sizes=\"auto, (max-width: 759px) 100vw, 759px\" \/><\/figure>\n<\/div>\n\n\n<p><\/p>\n\n\n\n<p>Un objet confectionn\u00e9 par mes soins se veut \u00e0 la fois <strong>utilitaire et artistique<\/strong>, source de satisfaction et de questionnement pour ceux qui le choisissent. J&rsquo;aime allier la chaleur organique du bois avec d&rsquo;autres mati\u00e8res comme le laiton, la c\u00e9ramique ou la r\u00e9sine, pour laisser libre cours \u00e0 ma cr\u00e9ativit\u00e9 et magnifier la mati\u00e8re principale de mes ouvrages.<\/p>\n\n\n\n<p>Mais l&rsquo;ingr\u00e9dient principal de mes recettes est toujours le m\u00eame : le bois. Les <strong>essences <\/strong>que j&#8217;emploie sont surtout celles de ma belle r\u00e9gion limousine : ch\u00eane, h\u00eatre, tilleul, charme, merisier, buis, \u00e9rable, noyer et bien s\u00fbr, le ch\u00e2taignier. Pour certains tournages et placages, des essences plus exotiques viennent les compl\u00e9ter : amarante, padouk, \u00e9b\u00e8ne, zebrano, et m\u00eame&#8230; des noix de coco !<\/p>\n\n\n\n<p><\/p>\n\n\n<div class=\"wp-block-image\">\n<figure class=\"aligncenter size-full is-resized\"><img loading=\"lazy\" decoding=\"async\" width=\"1440\" height=\"810\" src=\"http:\/\/songesdebene.fr\/wp-content\/uploads\/2025\/03\/873565B3-7238-4758-A6B1-80285AEA77B5.jpg\" alt=\"\" class=\"wp-image-908\" style=\"width:381px;height:auto\" srcset=\"http:\/\/songesdebene.fr\/wp-content\/uploads\/2025\/03\/873565B3-7238-4758-A6B1-80285AEA77B5.jpg 1440w, http:\/\/songesdebene.fr\/wp-content\/uploads\/2025\/03\/873565B3-7238-4758-A6B1-80285AEA77B5-600x338.jpg 600w, http:\/\/songesdebene.fr\/wp-content\/uploads\/2025\/03\/873565B3-7238-4758-A6B1-80285AEA77B5-300x169.jpg 300w, http:\/\/songesdebene.fr\/wp-content\/uploads\/2025\/03\/873565B3-7238-4758-A6B1-80285AEA77B5-1024x576.jpg 1024w, http:\/\/songesdebene.fr\/wp-content\/uploads\/2025\/03\/873565B3-7238-4758-A6B1-80285AEA77B5-768x432.jpg 768w\" sizes=\"auto, (max-width: 1440px) 100vw, 1440px\" \/><\/figure>\n<\/div>\n\n\n<p><\/p>\n\n\n\n<p>Quant aux <strong>traitements <\/strong>utilis\u00e9s pour teinter et prot\u00e9ger le bois, j&rsquo;accorde un soin tout particulier \u00e0 leur innocuit\u00e9 pour l&rsquo;humain et son environnement. Mes ouvrages sont donc le plus souvent huil\u00e9s, cir\u00e9s, ou vernis \u00e0 la gomme-laque.<\/p>\n\n\n\n<p>Quand vous jetez votre d\u00e9volu sur un meuble ou un objet que j\u2019ai cr\u00e9\u00e9, vous faites <strong>un choix assum\u00e9<\/strong> qui n\u2019est ni celui du pragmatisme pur, ni celui de la \u00ab\u00a0qualit\u00e9\u00a0\u00bb industrielle. C&rsquo;est celui de l&rsquo;artisanat raisonn\u00e9, de la cr\u00e9ation unique ou de petite s\u00e9rie. Le bois est une mati\u00e8re magnifique, mais qui poss\u00e8de parfois ses d\u00e9fauts&#8230; Il n&rsquo;est pas si ais\u00e9 \u00e0 travailler, et il faut parfois accepter ses \u00ab\u00a0d\u00e9fauts\u00a0\u00bb : une d\u00e9coloration partielle, un veinage al\u00e9atoire, un accroc dans sa fibre&#8230; Je me charge de les rendre beaux pour vous.<\/p>\n\n\n<div class=\"wp-block-image\">\n<figure class=\"aligncenter size-large is-resized\"><img loading=\"lazy\" decoding=\"async\" width=\"768\" height=\"1024\" src=\"http:\/\/songesdebene.fr\/wp-content\/uploads\/2025\/06\/IMG_8026-768x1024.jpg\" alt=\"\" class=\"wp-image-1346\" style=\"width:221px;height:auto\"\/><\/figure>\n<\/div>\n\n\n<h2 class=\"wp-block-heading\">Au fait&#8230; pourquoi <em>Songes d&rsquo;\u00e9b\u00e8ne<\/em> ?<\/h2>\n\n\n\n<p>L&rsquo;<em>\u00e9b\u00e8ne<\/em>, le bois, est intimement li\u00e9 aux origines du m\u00e9tier d&rsquo;\u00e9b\u00e9niste. Lorsque, jadis, certains ont choisi de se sp\u00e9cialiser dans le placage de l&rsquo;\u00e9b\u00e8ne sur les meubles pour les embellir, ils ont cess\u00e9 de \u00ab\u00a0simplement\u00a0\u00bb fabriquer des meubles, faisant passer l&rsquo;esth\u00e9tique avant la fonctionnalit\u00e9.<\/p>\n\n\n\n<p>C&rsquo;est par leur technique et leur talent qu&rsquo;ils ont cr\u00e9\u00e9 ce que nous consid\u00e9rons aujourd\u2019hui encore comme des chefs d\u2019\u0153uvre, et que nous peinons \u00e0 seulement \u00e9galer. Certains de leurs meubles, toujours l\u00e0 des si\u00e8cles plus tard, sont une ode \u00e0 leur audace et \u00e0 ce qui p\u00fbt sortir de leurs mains, de leur esprit, de leur imagination&#8230; de leurs <em>songes<\/em>.<\/p>\n\n\n\n<p>Admirons-les avec respect, avec humilit\u00e9. Et essayons de les \u00e9galer !<\/p>\n\n\n<div class=\"wp-block-image\">\n<figure class=\"aligncenter size-large is-resized\"><img loading=\"lazy\" decoding=\"async\" width=\"768\" height=\"1024\" src=\"http:\/\/songesdebene.fr\/wp-content\/uploads\/2025\/10\/IMG_9150-768x1024.jpg\" alt=\"\" class=\"wp-image-1524\" style=\"width:236px;height:auto\" srcset=\"http:\/\/songesdebene.fr\/wp-content\/uploads\/2025\/10\/IMG_9150-768x1024.jpg 768w, http:\/\/songesdebene.fr\/wp-content\/uploads\/2025\/10\/IMG_9150-225x300.jpg 225w, http:\/\/songesdebene.fr\/wp-content\/uploads\/2025\/10\/IMG_9150-1152x1536.jpg 1152w, http:\/\/songesdebene.fr\/wp-content\/uploads\/2025\/10\/IMG_9150-1536x2048.jpg 1536w, http:\/\/songesdebene.fr\/wp-content\/uploads\/2025\/10\/IMG_9150-600x800.jpg 600w, http:\/\/songesdebene.fr\/wp-content\/uploads\/2025\/10\/IMG_9150-scaled.jpg 1920w\" sizes=\"auto, (max-width: 768px) 100vw, 768px\" \/><\/figure>\n<\/div>\n\n\n<h2 class=\"wp-block-heading\">Dans la presse&#8230;<\/h2>\n\n\n\n<figure class=\"wp-block-image size-large\"><img loading=\"lazy\" decoding=\"async\" width=\"1024\" height=\"672\" src=\"https:\/\/songesdebene.fr\/wp-content\/uploads\/2025\/08\/boutique_createurs_2025-1024x672.jpg\" alt=\"\" class=\"wp-image-1395\" srcset=\"http:\/\/songesdebene.fr\/wp-content\/uploads\/2025\/08\/boutique_createurs_2025-1024x672.jpg 1024w, http:\/\/songesdebene.fr\/wp-content\/uploads\/2025\/08\/boutique_createurs_2025-300x197.jpg 300w, http:\/\/songesdebene.fr\/wp-content\/uploads\/2025\/08\/boutique_createurs_2025-768x504.jpg 768w, http:\/\/songesdebene.fr\/wp-content\/uploads\/2025\/08\/boutique_createurs_2025-1536x1008.jpg 1536w, http:\/\/songesdebene.fr\/wp-content\/uploads\/2025\/08\/boutique_createurs_2025-600x394.jpg 600w, http:\/\/songesdebene.fr\/wp-content\/uploads\/2025\/08\/boutique_createurs_2025.jpg 1600w\" sizes=\"auto, (max-width: 1024px) 100vw, 1024px\" \/><figcaption class=\"wp-element-caption\">Article de l&rsquo;Abeille &#8211; Le Nouvelliste, Ao\u00fbt 2025<\/figcaption><\/figure>\n\n\n\n<figure class=\"wp-block-image size-large\"><img loading=\"lazy\" decoding=\"async\" width=\"1024\" height=\"569\" src=\"https:\/\/songesdebene.fr\/wp-content\/uploads\/2025\/12\/bulletin_slsg_2025-1024x569.jpg\" alt=\"\" class=\"wp-image-1639\" srcset=\"http:\/\/songesdebene.fr\/wp-content\/uploads\/2025\/12\/bulletin_slsg_2025-1024x569.jpg 1024w, http:\/\/songesdebene.fr\/wp-content\/uploads\/2025\/12\/bulletin_slsg_2025-300x167.jpg 300w, http:\/\/songesdebene.fr\/wp-content\/uploads\/2025\/12\/bulletin_slsg_2025-768x427.jpg 768w, http:\/\/songesdebene.fr\/wp-content\/uploads\/2025\/12\/bulletin_slsg_2025-1536x854.jpg 1536w, http:\/\/songesdebene.fr\/wp-content\/uploads\/2025\/12\/bulletin_slsg_2025-2048x1139.jpg 2048w, http:\/\/songesdebene.fr\/wp-content\/uploads\/2025\/12\/bulletin_slsg_2025-600x334.jpg 600w\" sizes=\"auto, (max-width: 1024px) 100vw, 1024px\" \/><figcaption class=\"wp-element-caption\">Bulletin municipal de Saint-Laurent-sur-Gorre, d\u00e9cembre 2025.<\/figcaption><\/figure>\n\n\n\n<p><\/p>\n","protected":false},"excerpt":{"rendered":"<p>Informaticien pendant pr\u00e8s de 20 ans, j&rsquo;ai troqu\u00e9 le virtuel pour la r\u00e9alit\u00e9 d&rsquo;une mati\u00e8re, le bois, et le travail manuel qui permet de le modeler au gr\u00e9 de mon imagination. Pour ce faire, j&rsquo;ai eu besoin d&rsquo;acqu\u00e9rir les bases des m\u00e9tiers du bois et les gestes qui permettent de travailler cette mati\u00e8re noble et vivante. Je suis donc \u00ab\u00a0retourn\u00e9 \u00e0 l&rsquo;\u00e9cole\u00a0\u00bb pour suivre une [&hellip;]<\/p>\n","protected":false},"author":1,"featured_media":0,"parent":0,"menu_order":0,"comment_status":"closed","ping_status":"closed","template":"","meta":{"footnotes":""},"class_list":["post-14","page","type-page","status-publish","hentry"],"_links":{"self":[{"href":"http:\/\/songesdebene.fr\/index.php\/wp-json\/wp\/v2\/pages\/14","targetHints":{"allow":["GET"]}}],"collection":[{"href":"http:\/\/songesdebene.fr\/index.php\/wp-json\/wp\/v2\/pages"}],"about":[{"href":"http:\/\/songesdebene.fr\/index.php\/wp-json\/wp\/v2\/types\/page"}],"author":[{"embeddable":true,"href":"http:\/\/songesdebene.fr\/index.php\/wp-json\/wp\/v2\/users\/1"}],"replies":[{"embeddable":true,"href":"http:\/\/songesdebene.fr\/index.php\/wp-json\/wp\/v2\/comments?post=14"}],"version-history":[{"count":36,"href":"http:\/\/songesdebene.fr\/index.php\/wp-json\/wp\/v2\/pages\/14\/revisions"}],"predecessor-version":[{"id":1643,"href":"http:\/\/songesdebene.fr\/index.php\/wp-json\/wp\/v2\/pages\/14\/revisions\/1643"}],"wp:attachment":[{"href":"http:\/\/songesdebene.fr\/index.php\/wp-json\/wp\/v2\/media?parent=14"}],"curies":[{"name":"wp","href":"https:\/\/api.w.org\/{rel}","templated":true}]}}