{"id":109,"date":"2024-09-08T23:15:35","date_gmt":"2024-09-08T21:15:35","guid":{"rendered":"https:\/\/songesdebene.fr\/?page_id=109"},"modified":"2026-03-27T12:04:17","modified_gmt":"2026-03-27T11:04:17","slug":"mobilier-sur-mesure-et-restauration","status":"publish","type":"page","link":"http:\/\/songesdebene.fr\/index.php\/mobilier-sur-mesure-et-restauration\/","title":{"rendered":"Mobilier sur-mesure"},"content":{"rendered":"\n<p>Je r\u00e9alise aussi des cr\u00e9ations sur-mesure, principalement du mobilier ou de la d\u00e9coration d\u2019int\u00e9rieur \/ ext\u00e9rieur, mais je suis ouvert \u00e0 tout type de projet ! N\u2019h\u00e9sitez pas \u00e0 me faire part de vos id\u00e9es, m\u00eame les plus folles !<\/p>\n\n\n\n<figure class=\"wp-block-gallery has-nested-images columns-3 is-cropped wp-block-gallery-1 is-layout-flex wp-block-gallery-is-layout-flex\">\n<figure class=\"wp-block-image size-full is-style-rounded\"><a href=\"https:\/\/songesdebene.fr\/wp-content\/uploads\/2025\/11\/IMG_9522-scaled.jpg\"><img loading=\"lazy\" decoding=\"async\" width=\"1920\" height=\"2560\" data-id=\"1579\" src=\"https:\/\/songesdebene.fr\/wp-content\/uploads\/2025\/11\/IMG_9522-scaled.jpg\" alt=\"Table avec tablettes r\u00e9tractables et tabouret assorti, ch\u00eane massif.\" class=\"wp-image-1579\" srcset=\"http:\/\/songesdebene.fr\/wp-content\/uploads\/2025\/11\/IMG_9522-scaled.jpg 1920w, http:\/\/songesdebene.fr\/wp-content\/uploads\/2025\/11\/IMG_9522-225x300.jpg 225w, http:\/\/songesdebene.fr\/wp-content\/uploads\/2025\/11\/IMG_9522-768x1024.jpg 768w, http:\/\/songesdebene.fr\/wp-content\/uploads\/2025\/11\/IMG_9522-1152x1536.jpg 1152w, http:\/\/songesdebene.fr\/wp-content\/uploads\/2025\/11\/IMG_9522-1536x2048.jpg 1536w, http:\/\/songesdebene.fr\/wp-content\/uploads\/2025\/11\/IMG_9522-600x800.jpg 600w\" sizes=\"auto, (max-width: 1920px) 100vw, 1920px\" \/><\/a><figcaption class=\"wp-element-caption\"><br>Table avec tablettes r\u00e9tractables et tabouret assorti, ch\u00eane massif.<\/figcaption><\/figure>\n\n\n\n<figure class=\"wp-block-image size-full is-style-rounded\"><a href=\"https:\/\/songesdebene.fr\/wp-content\/uploads\/2025\/10\/IMG_9150-scaled.jpg\"><img loading=\"lazy\" decoding=\"async\" width=\"1920\" height=\"2560\" data-id=\"1524\" src=\"https:\/\/songesdebene.fr\/wp-content\/uploads\/2025\/10\/IMG_9150-scaled.jpg\" alt=\"Cabinet sur pi\u00e8tement d'inspiration Japonaise.\" class=\"wp-image-1524\" srcset=\"http:\/\/songesdebene.fr\/wp-content\/uploads\/2025\/10\/IMG_9150-scaled.jpg 1920w, http:\/\/songesdebene.fr\/wp-content\/uploads\/2025\/10\/IMG_9150-225x300.jpg 225w, http:\/\/songesdebene.fr\/wp-content\/uploads\/2025\/10\/IMG_9150-768x1024.jpg 768w, http:\/\/songesdebene.fr\/wp-content\/uploads\/2025\/10\/IMG_9150-1152x1536.jpg 1152w, http:\/\/songesdebene.fr\/wp-content\/uploads\/2025\/10\/IMG_9150-1536x2048.jpg 1536w, http:\/\/songesdebene.fr\/wp-content\/uploads\/2025\/10\/IMG_9150-600x800.jpg 600w\" sizes=\"auto, (max-width: 1920px) 100vw, 1920px\" \/><\/a><figcaption class=\"wp-element-caption\">Cabinet sur pi\u00e8tement d&rsquo;inspiration Japonaise.<\/figcaption><\/figure>\n\n\n\n<figure class=\"wp-block-image size-full is-style-rounded\"><a href=\"https:\/\/songesdebene.fr\/wp-content\/uploads\/2024\/09\/IMG_4945.jpg\"><img loading=\"lazy\" decoding=\"async\" width=\"664\" height=\"885\" data-id=\"117\" src=\"https:\/\/songesdebene.fr\/wp-content\/uploads\/2024\/09\/IMG_4945.jpg\" alt=\"Bureau semi-angle, dessus en placage d\u00e9coratif, structure en ch\u00eane, c\u00f4t\u00e9 plaqu\u00e9 en mosa\u00efque.\" class=\"wp-image-117\" srcset=\"http:\/\/songesdebene.fr\/wp-content\/uploads\/2024\/09\/IMG_4945.jpg 664w, http:\/\/songesdebene.fr\/wp-content\/uploads\/2024\/09\/IMG_4945-600x800.jpg 600w, http:\/\/songesdebene.fr\/wp-content\/uploads\/2024\/09\/IMG_4945-225x300.jpg 225w\" sizes=\"auto, (max-width: 664px) 100vw, 664px\" \/><\/a><figcaption class=\"wp-element-caption\">Bureau semi-angle, dessus en placage d\u00e9coratif, structure en ch\u00eane, c\u00f4t\u00e9 plaqu\u00e9 en mosa\u00efque.<\/figcaption><\/figure>\n\n\n\n<figure class=\"wp-block-image size-full is-style-rounded\"><a href=\"https:\/\/songesdebene.fr\/wp-content\/uploads\/2024\/09\/HO_0160-scaled.jpg\"><img loading=\"lazy\" decoding=\"async\" width=\"1707\" height=\"2560\" data-id=\"115\" src=\"https:\/\/songesdebene.fr\/wp-content\/uploads\/2024\/09\/HO_0160-scaled.jpg\" alt=\"Table d'appoint pour une berg\u00e8re (fauteuil), ch\u00eane massif et la\u00e7age cuir.\" class=\"wp-image-115\" srcset=\"http:\/\/songesdebene.fr\/wp-content\/uploads\/2024\/09\/HO_0160-scaled.jpg 1707w, http:\/\/songesdebene.fr\/wp-content\/uploads\/2024\/09\/HO_0160-scaled-600x900.jpg 600w, http:\/\/songesdebene.fr\/wp-content\/uploads\/2024\/09\/HO_0160-200x300.jpg 200w, http:\/\/songesdebene.fr\/wp-content\/uploads\/2024\/09\/HO_0160-683x1024.jpg 683w, http:\/\/songesdebene.fr\/wp-content\/uploads\/2024\/09\/HO_0160-768x1152.jpg 768w, http:\/\/songesdebene.fr\/wp-content\/uploads\/2024\/09\/HO_0160-1024x1536.jpg 1024w, http:\/\/songesdebene.fr\/wp-content\/uploads\/2024\/09\/HO_0160-1365x2048.jpg 1365w\" sizes=\"auto, (max-width: 1707px) 100vw, 1707px\" \/><\/a><figcaption class=\"wp-element-caption\">Table d&rsquo;appoint pour une berg\u00e8re (fauteuil), ch\u00eane massif et la\u00e7age cuir.<\/figcaption><\/figure>\n\n\n\n<figure class=\"wp-block-image size-full is-style-rounded\"><a href=\"https:\/\/songesdebene.fr\/wp-content\/uploads\/2026\/03\/IMG_0569-scaled.jpg\"><img loading=\"lazy\" decoding=\"async\" width=\"1920\" height=\"2560\" data-id=\"1757\" src=\"https:\/\/songesdebene.fr\/wp-content\/uploads\/2026\/03\/IMG_0569-scaled.jpg\" alt=\"Table basse en ch\u00eane d'inspiration Art D\u00e9co, pi\u00e8tement en berceau.\" class=\"wp-image-1757\" srcset=\"http:\/\/songesdebene.fr\/wp-content\/uploads\/2026\/03\/IMG_0569-scaled.jpg 1920w, http:\/\/songesdebene.fr\/wp-content\/uploads\/2026\/03\/IMG_0569-225x300.jpg 225w, http:\/\/songesdebene.fr\/wp-content\/uploads\/2026\/03\/IMG_0569-768x1024.jpg 768w, http:\/\/songesdebene.fr\/wp-content\/uploads\/2026\/03\/IMG_0569-1152x1536.jpg 1152w, http:\/\/songesdebene.fr\/wp-content\/uploads\/2026\/03\/IMG_0569-1536x2048.jpg 1536w, http:\/\/songesdebene.fr\/wp-content\/uploads\/2026\/03\/IMG_0569-600x800.jpg 600w\" sizes=\"auto, (max-width: 1920px) 100vw, 1920px\" \/><\/a><figcaption class=\"wp-element-caption\">Table basse en ch\u00eane d&rsquo;inspiration Art D\u00e9co, pi\u00e8tement en berceau.<\/figcaption><\/figure>\n\n\n\n<figure class=\"wp-block-image size-full is-style-rounded\"><a href=\"https:\/\/songesdebene.fr\/wp-content\/uploads\/2025\/08\/IMG_8263-scaled.jpg\"><img loading=\"lazy\" decoding=\"async\" width=\"1920\" height=\"2560\" data-id=\"1391\" src=\"https:\/\/songesdebene.fr\/wp-content\/uploads\/2025\/08\/IMG_8263-scaled.jpg\" alt=\"Buffet marquet\u00e9 \u00e0 tiroirs et panneaux coulissants, ch\u00eane, ch\u00e2taignier\" class=\"wp-image-1391\" srcset=\"http:\/\/songesdebene.fr\/wp-content\/uploads\/2025\/08\/IMG_8263-scaled.jpg 1920w, http:\/\/songesdebene.fr\/wp-content\/uploads\/2025\/08\/IMG_8263-225x300.jpg 225w, http:\/\/songesdebene.fr\/wp-content\/uploads\/2025\/08\/IMG_8263-768x1024.jpg 768w, http:\/\/songesdebene.fr\/wp-content\/uploads\/2025\/08\/IMG_8263-1152x1536.jpg 1152w, http:\/\/songesdebene.fr\/wp-content\/uploads\/2025\/08\/IMG_8263-1536x2048.jpg 1536w, http:\/\/songesdebene.fr\/wp-content\/uploads\/2025\/08\/IMG_8263-600x800.jpg 600w\" sizes=\"auto, (max-width: 1920px) 100vw, 1920px\" \/><\/a><figcaption class=\"wp-element-caption\">Buffet marquet\u00e9 \u00e0 tiroirs et panneaux coulissants, ch\u00eane, ch\u00e2taignier<\/figcaption><\/figure>\n\n\n\n<figure class=\"wp-block-image size-full is-style-rounded\"><a href=\"https:\/\/songesdebene.fr\/wp-content\/uploads\/2024\/09\/IMG_2798.jpg\"><img loading=\"lazy\" decoding=\"async\" width=\"1084\" height=\"813\" data-id=\"110\" src=\"https:\/\/songesdebene.fr\/wp-content\/uploads\/2024\/09\/IMG_2798.jpg\" alt=\"Un coffre de pied-de-lit, ch\u00eane massif et d\u00e9cors \u00e0 l'\u00e9bonisation.\" class=\"wp-image-110\" srcset=\"http:\/\/songesdebene.fr\/wp-content\/uploads\/2024\/09\/IMG_2798.jpg 1084w, http:\/\/songesdebene.fr\/wp-content\/uploads\/2024\/09\/IMG_2798-600x450.jpg 600w, http:\/\/songesdebene.fr\/wp-content\/uploads\/2024\/09\/IMG_2798-300x225.jpg 300w, http:\/\/songesdebene.fr\/wp-content\/uploads\/2024\/09\/IMG_2798-1024x768.jpg 1024w, http:\/\/songesdebene.fr\/wp-content\/uploads\/2024\/09\/IMG_2798-768x576.jpg 768w\" sizes=\"auto, (max-width: 1084px) 100vw, 1084px\" \/><\/a><figcaption class=\"wp-element-caption\">Un coffre de pied-de-lit, ch\u00eane massif et d\u00e9cors \u00e0 l&rsquo;\u00e9bonisation.<\/figcaption><\/figure>\n\n\n\n<figure class=\"wp-block-image size-full is-style-rounded\"><a href=\"https:\/\/songesdebene.fr\/wp-content\/uploads\/2024\/09\/IMG_2382.jpg\"><img loading=\"lazy\" decoding=\"async\" width=\"1084\" height=\"813\" data-id=\"112\" src=\"https:\/\/songesdebene.fr\/wp-content\/uploads\/2024\/09\/IMG_2382.jpg\" alt=\"Chevets en ch\u00eane et ch\u00e2taignier, finition cire d'abeille et carnauba.\" class=\"wp-image-112\" srcset=\"http:\/\/songesdebene.fr\/wp-content\/uploads\/2024\/09\/IMG_2382.jpg 1084w, http:\/\/songesdebene.fr\/wp-content\/uploads\/2024\/09\/IMG_2382-600x450.jpg 600w, http:\/\/songesdebene.fr\/wp-content\/uploads\/2024\/09\/IMG_2382-300x225.jpg 300w, http:\/\/songesdebene.fr\/wp-content\/uploads\/2024\/09\/IMG_2382-1024x768.jpg 1024w, http:\/\/songesdebene.fr\/wp-content\/uploads\/2024\/09\/IMG_2382-768x576.jpg 768w\" sizes=\"auto, (max-width: 1084px) 100vw, 1084px\" \/><\/a><figcaption class=\"wp-element-caption\">Duo de chevets en ch\u00eane et ch\u00e2taignier, finition cire d&rsquo;abeille et carnauba.<\/figcaption><\/figure>\n\n\n\n<figure class=\"wp-block-image size-full is-style-rounded\"><a href=\"https:\/\/songesdebene.fr\/wp-content\/uploads\/2024\/09\/IMG_3692.jpg\"><img loading=\"lazy\" decoding=\"async\" width=\"609\" height=\"813\" data-id=\"113\" src=\"https:\/\/songesdebene.fr\/wp-content\/uploads\/2024\/09\/IMG_3692.jpg\" alt=\"Biblioth\u00e8que courbe, sapin et finition huile blanchie.\" class=\"wp-image-113\" srcset=\"http:\/\/songesdebene.fr\/wp-content\/uploads\/2024\/09\/IMG_3692.jpg 609w, http:\/\/songesdebene.fr\/wp-content\/uploads\/2024\/09\/IMG_3692-600x801.jpg 600w, http:\/\/songesdebene.fr\/wp-content\/uploads\/2024\/09\/IMG_3692-225x300.jpg 225w\" sizes=\"auto, (max-width: 609px) 100vw, 609px\" \/><\/a><figcaption class=\"wp-element-caption\">Biblioth\u00e8que courbe, sapin et finition huile blanchie.<\/figcaption><\/figure>\n\n\n\n<figure class=\"wp-block-image size-full is-style-rounded\"><a href=\"https:\/\/songesdebene.fr\/wp-content\/uploads\/2024\/09\/desserte1.jpg\"><img loading=\"lazy\" decoding=\"async\" width=\"1220\" height=\"813\" data-id=\"114\" src=\"https:\/\/songesdebene.fr\/wp-content\/uploads\/2024\/09\/desserte1.jpg\" alt=\"Petite table pliante, ch\u00eane massif et huile-cire.\" class=\"wp-image-114\" srcset=\"http:\/\/songesdebene.fr\/wp-content\/uploads\/2024\/09\/desserte1.jpg 1220w, http:\/\/songesdebene.fr\/wp-content\/uploads\/2024\/09\/desserte1-600x400.jpg 600w, http:\/\/songesdebene.fr\/wp-content\/uploads\/2024\/09\/desserte1-300x200.jpg 300w, http:\/\/songesdebene.fr\/wp-content\/uploads\/2024\/09\/desserte1-1024x682.jpg 1024w, http:\/\/songesdebene.fr\/wp-content\/uploads\/2024\/09\/desserte1-768x512.jpg 768w\" sizes=\"auto, (max-width: 1220px) 100vw, 1220px\" \/><\/a><figcaption class=\"wp-element-caption\">Petite table pliante, ch\u00eane massif et huile-cire.<\/figcaption><\/figure>\n\n\n\n<figure class=\"wp-block-image size-full is-style-rounded\"><a href=\"https:\/\/songesdebene.fr\/wp-content\/uploads\/2024\/09\/HO_0167-scaled.jpg\"><img loading=\"lazy\" decoding=\"async\" width=\"1707\" height=\"2560\" data-id=\"215\" src=\"https:\/\/songesdebene.fr\/wp-content\/uploads\/2024\/09\/HO_0167-scaled.jpg\" alt=\"Meuble \u00e9troit \u00e0 rideau pour des sanitaires, b\u00e2ti en ch\u00eane, porte coulissante en lamelles de ch\u00e2taignier. \" class=\"wp-image-215\" srcset=\"http:\/\/songesdebene.fr\/wp-content\/uploads\/2024\/09\/HO_0167-scaled.jpg 1707w, http:\/\/songesdebene.fr\/wp-content\/uploads\/2024\/09\/HO_0167-scaled-600x900.jpg 600w, http:\/\/songesdebene.fr\/wp-content\/uploads\/2024\/09\/HO_0167-200x300.jpg 200w, http:\/\/songesdebene.fr\/wp-content\/uploads\/2024\/09\/HO_0167-683x1024.jpg 683w, http:\/\/songesdebene.fr\/wp-content\/uploads\/2024\/09\/HO_0167-768x1152.jpg 768w, http:\/\/songesdebene.fr\/wp-content\/uploads\/2024\/09\/HO_0167-1024x1536.jpg 1024w, http:\/\/songesdebene.fr\/wp-content\/uploads\/2024\/09\/HO_0167-1365x2048.jpg 1365w\" sizes=\"auto, (max-width: 1707px) 100vw, 1707px\" \/><\/a><figcaption class=\"wp-element-caption\">Meuble \u00e9troit \u00e0 rideau pour des sanitaires, b\u00e2ti en ch\u00eane, porte coulissante en lamelles de ch\u00e2taignier. <\/figcaption><\/figure>\n\n\n\n<figure class=\"wp-block-image size-full is-style-rounded\"><a href=\"https:\/\/songesdebene.fr\/wp-content\/uploads\/2024\/09\/IMG_20170916_145109.jpg\"><img loading=\"lazy\" decoding=\"async\" width=\"1180\" height=\"885\" data-id=\"118\" src=\"https:\/\/songesdebene.fr\/wp-content\/uploads\/2024\/09\/IMG_20170916_145109.jpg\" alt=\"Berceau d'enfant, devenu coffre \u00e0 jouets, sapin ajour\u00e9, montage chevill\u00e9, enti\u00e8rement d\u00e9montable.\" class=\"wp-image-118\" srcset=\"http:\/\/songesdebene.fr\/wp-content\/uploads\/2024\/09\/IMG_20170916_145109.jpg 1180w, http:\/\/songesdebene.fr\/wp-content\/uploads\/2024\/09\/IMG_20170916_145109-600x450.jpg 600w, http:\/\/songesdebene.fr\/wp-content\/uploads\/2024\/09\/IMG_20170916_145109-300x225.jpg 300w, http:\/\/songesdebene.fr\/wp-content\/uploads\/2024\/09\/IMG_20170916_145109-1024x768.jpg 1024w, http:\/\/songesdebene.fr\/wp-content\/uploads\/2024\/09\/IMG_20170916_145109-768x576.jpg 768w\" sizes=\"auto, (max-width: 1180px) 100vw, 1180px\" \/><\/a><figcaption class=\"wp-element-caption\">Berceau d&rsquo;enfant, devenu coffre \u00e0 jouets, sapin ajour\u00e9, montage chevill\u00e9, enti\u00e8rement d\u00e9montable.<\/figcaption><\/figure>\n\n\n\n<figure class=\"wp-block-image size-full is-style-rounded\"><a href=\"https:\/\/songesdebene.fr\/wp-content\/uploads\/2024\/09\/IMG_5209.jpg\"><img loading=\"lazy\" decoding=\"async\" width=\"664\" height=\"885\" data-id=\"217\" src=\"https:\/\/songesdebene.fr\/wp-content\/uploads\/2024\/09\/IMG_5209.jpg\" alt=\"Cabinet \u00e0 abattant en fr\u00eane, marqueterie de fr\u00eane et noyer, compartiment cach\u00e9, enceinte passive pour smartphone.\" class=\"wp-image-217\" srcset=\"http:\/\/songesdebene.fr\/wp-content\/uploads\/2024\/09\/IMG_5209.jpg 664w, http:\/\/songesdebene.fr\/wp-content\/uploads\/2024\/09\/IMG_5209-600x800.jpg 600w, http:\/\/songesdebene.fr\/wp-content\/uploads\/2024\/09\/IMG_5209-225x300.jpg 225w\" sizes=\"auto, (max-width: 664px) 100vw, 664px\" \/><\/a><figcaption class=\"wp-element-caption\">Cabinet \u00e0 abattant en fr\u00eane, marqueterie de fr\u00eane et noyer, compartiment cach\u00e9, enceinte passive pour smartphone.<\/figcaption><\/figure>\n\n\n\n<figure class=\"wp-block-image size-full is-style-rounded\"><a href=\"http:\/\/songesdebene.fr\/wp-content\/uploads\/2025\/01\/IMG_6582-scaled.jpg\"><img loading=\"lazy\" decoding=\"async\" width=\"1920\" height=\"2560\" data-id=\"315\" src=\"http:\/\/songesdebene.fr\/wp-content\/uploads\/2025\/01\/IMG_6582-edited-scaled.jpg\" alt=\"Valisette en ch\u00e2taignier, poign\u00e9es en cuir, gravure personnalis\u00e9e.\" class=\"wp-image-315\" srcset=\"http:\/\/songesdebene.fr\/wp-content\/uploads\/2025\/01\/IMG_6582-edited-scaled.jpg 1920w, http:\/\/songesdebene.fr\/wp-content\/uploads\/2025\/01\/IMG_6582-edited-scaled-600x800.jpg 600w, http:\/\/songesdebene.fr\/wp-content\/uploads\/2025\/01\/IMG_6582-edited-225x300.jpg 225w, http:\/\/songesdebene.fr\/wp-content\/uploads\/2025\/01\/IMG_6582-edited-768x1024.jpg 768w, http:\/\/songesdebene.fr\/wp-content\/uploads\/2025\/01\/IMG_6582-edited-1152x1536.jpg 1152w, http:\/\/songesdebene.fr\/wp-content\/uploads\/2025\/01\/IMG_6582-edited-1536x2048.jpg 1536w\" sizes=\"auto, (max-width: 1920px) 100vw, 1920px\" \/><\/a><figcaption class=\"wp-element-caption\">Valisette en ch\u00e2taignier, poign\u00e9es en cuir, gravure personnalis\u00e9e.<\/figcaption><\/figure>\n\n\n\n<figure class=\"wp-block-image size-full is-style-rounded\"><a href=\"http:\/\/songesdebene.fr\/wp-content\/uploads\/2025\/01\/IMG_6157-scaled.jpg\"><img loading=\"lazy\" decoding=\"async\" width=\"1920\" height=\"2560\" data-id=\"327\" src=\"http:\/\/songesdebene.fr\/wp-content\/uploads\/2025\/01\/IMG_6157-scaled.jpg\" alt=\"Pied sculpt\u00e9 et br\u00fbl\u00e9 &quot;yakisugi&quot; pour une table d'exposition.\" class=\"wp-image-327\" srcset=\"http:\/\/songesdebene.fr\/wp-content\/uploads\/2025\/01\/IMG_6157-scaled.jpg 1920w, http:\/\/songesdebene.fr\/wp-content\/uploads\/2025\/01\/IMG_6157-scaled-600x800.jpg 600w, http:\/\/songesdebene.fr\/wp-content\/uploads\/2025\/01\/IMG_6157-225x300.jpg 225w, http:\/\/songesdebene.fr\/wp-content\/uploads\/2025\/01\/IMG_6157-768x1024.jpg 768w, http:\/\/songesdebene.fr\/wp-content\/uploads\/2025\/01\/IMG_6157-1152x1536.jpg 1152w, http:\/\/songesdebene.fr\/wp-content\/uploads\/2025\/01\/IMG_6157-1536x2048.jpg 1536w\" sizes=\"auto, (max-width: 1920px) 100vw, 1920px\" \/><\/a><figcaption class=\"wp-element-caption\">Pied sculpt\u00e9 et br\u00fbl\u00e9 \u00ab\u00a0yakisugi\u00a0\u00bb pour une table d&rsquo;exposition.<\/figcaption><\/figure>\n\n\n\n<figure class=\"wp-block-image size-full is-style-rounded\"><a href=\"https:\/\/songesdebene.fr\/wp-content\/uploads\/2025\/04\/IMG_7468-scaled.jpg\"><img loading=\"lazy\" decoding=\"async\" width=\"1920\" height=\"2560\" data-id=\"1121\" src=\"https:\/\/songesdebene.fr\/wp-content\/uploads\/2025\/04\/IMG_7468-scaled.jpg\" alt=\"Bo\u00eete \u00e0 couture, deux casiers, ch\u00eane et ch\u00e2taignier\" class=\"wp-image-1121\" srcset=\"http:\/\/songesdebene.fr\/wp-content\/uploads\/2025\/04\/IMG_7468-scaled.jpg 1920w, http:\/\/songesdebene.fr\/wp-content\/uploads\/2025\/04\/IMG_7468-225x300.jpg 225w, http:\/\/songesdebene.fr\/wp-content\/uploads\/2025\/04\/IMG_7468-768x1024.jpg 768w, http:\/\/songesdebene.fr\/wp-content\/uploads\/2025\/04\/IMG_7468-1152x1536.jpg 1152w, http:\/\/songesdebene.fr\/wp-content\/uploads\/2025\/04\/IMG_7468-1536x2048.jpg 1536w, http:\/\/songesdebene.fr\/wp-content\/uploads\/2025\/04\/IMG_7468-600x800.jpg 600w\" sizes=\"auto, (max-width: 1920px) 100vw, 1920px\" \/><\/a><figcaption class=\"wp-element-caption\">Bo\u00eete \u00e0 couture, deux casiers, ch\u00eane et ch\u00e2taignier<\/figcaption><\/figure>\n\n\n\n<figure class=\"wp-block-image size-full is-style-rounded\"><a href=\"https:\/\/songesdebene.fr\/wp-content\/uploads\/2026\/01\/IMG_0048-scaled.jpg\"><img loading=\"lazy\" decoding=\"async\" width=\"1920\" height=\"2560\" data-id=\"1649\" src=\"https:\/\/songesdebene.fr\/wp-content\/uploads\/2026\/01\/IMG_0048-scaled.jpg\" alt=\"Meuble tv en fr\u00eane massif, portes coulissantes et marquet\u00e9es.\" class=\"wp-image-1649\" srcset=\"http:\/\/songesdebene.fr\/wp-content\/uploads\/2026\/01\/IMG_0048-scaled.jpg 1920w, http:\/\/songesdebene.fr\/wp-content\/uploads\/2026\/01\/IMG_0048-225x300.jpg 225w, http:\/\/songesdebene.fr\/wp-content\/uploads\/2026\/01\/IMG_0048-768x1024.jpg 768w, http:\/\/songesdebene.fr\/wp-content\/uploads\/2026\/01\/IMG_0048-1152x1536.jpg 1152w, http:\/\/songesdebene.fr\/wp-content\/uploads\/2026\/01\/IMG_0048-1536x2048.jpg 1536w, http:\/\/songesdebene.fr\/wp-content\/uploads\/2026\/01\/IMG_0048-600x800.jpg 600w\" sizes=\"auto, (max-width: 1920px) 100vw, 1920px\" \/><\/a><figcaption class=\"wp-element-caption\">Meuble tv en fr\u00eane massif, portes coulissantes et marquet\u00e9es.<\/figcaption><\/figure>\n<\/figure>\n\n\n\n<p><\/p>\n","protected":false},"excerpt":{"rendered":"<p>Je r\u00e9alise aussi des cr\u00e9ations sur-mesure, principalement du mobilier ou de la d\u00e9coration d\u2019int\u00e9rieur \/ ext\u00e9rieur, mais je suis ouvert \u00e0 tout type de projet ! N\u2019h\u00e9sitez pas \u00e0 me faire part de vos id\u00e9es, m\u00eame les plus folles !<\/p>\n","protected":false},"author":1,"featured_media":0,"parent":0,"menu_order":0,"comment_status":"closed","ping_status":"closed","template":"","meta":{"footnotes":""},"class_list":["post-109","page","type-page","status-publish","hentry"],"_links":{"self":[{"href":"http:\/\/songesdebene.fr\/index.php\/wp-json\/wp\/v2\/pages\/109","targetHints":{"allow":["GET"]}}],"collection":[{"href":"http:\/\/songesdebene.fr\/index.php\/wp-json\/wp\/v2\/pages"}],"about":[{"href":"http:\/\/songesdebene.fr\/index.php\/wp-json\/wp\/v2\/types\/page"}],"author":[{"embeddable":true,"href":"http:\/\/songesdebene.fr\/index.php\/wp-json\/wp\/v2\/users\/1"}],"replies":[{"embeddable":true,"href":"http:\/\/songesdebene.fr\/index.php\/wp-json\/wp\/v2\/comments?post=109"}],"version-history":[{"count":26,"href":"http:\/\/songesdebene.fr\/index.php\/wp-json\/wp\/v2\/pages\/109\/revisions"}],"predecessor-version":[{"id":1761,"href":"http:\/\/songesdebene.fr\/index.php\/wp-json\/wp\/v2\/pages\/109\/revisions\/1761"}],"wp:attachment":[{"href":"http:\/\/songesdebene.fr\/index.php\/wp-json\/wp\/v2\/media?parent=109"}],"curies":[{"name":"wp","href":"https:\/\/api.w.org\/{rel}","templated":true}]}}